{"id":42,"date":"2022-04-26T12:27:47","date_gmt":"2022-04-26T12:27:47","guid":{"rendered":"https:\/\/preview.wolfthemes.store\/elsass\/?page_id=42"},"modified":"2022-06-03T12:28:04","modified_gmt":"2022-06-03T12:28:04","slug":"our-story","status":"publish","type":"page","link":"https:\/\/preview.wolfthemes.store\/elsass\/our-story\/","title":{"rendered":"Our Story"},"content":{"rendered":"\t\t<div data-elementor-type=\"wp-page\" data-elementor-id=\"42\" class=\"elementor elementor-42\">\n\t\t\t\t\t\t<section class=\"wolf-core-elementor-row wolf-core-parallax wolf-core-font-light  elementor-section elementor-top-section elementor-element elementor-element-0ddc2d4 wolf-core-font-light wolf-core-row-parallax-yes elementor-section-height-min-height elementor-section-boxed elementor-section-height-default elementor-section-items-middle\" data-font-skin=\"light\" data-color-tone=\"dark\" data-id=\"0ddc2d4\" data-element_type=\"section\" data-e-type=\"section\" data-settings=\"{&quot;background_background&quot;:&quot;classic&quot;}\">\n\t\t\t\t\t\t\t<div class=\"elementor-background-overlay\"><\/div>\n\t\t\t\t\t\t\t<div class=\"elementor-container elementor-column-gap-default\">\n\t\t\t\t\t<div class=\"elementor-column elementor-col-100 elementor-top-column elementor-element elementor-element-4fb1afd\" data-id=\"4fb1afd\" data-element_type=\"column\" data-e-type=\"column\">\n\t\t\t<div class=\"elementor-widget-wrap elementor-element-populated\">\n\t\t\t\t\t\t<div class=\"elementor-element elementor-element-4182420 elementor-widget elementor-widget-heading\" data-id=\"4182420\" data-element_type=\"widget\" data-e-type=\"widget\" data-widget_type=\"heading.default\">\n\t\t\t\t<div class=\"elementor-widget-container\">\n\t\t\t\t\t<h1 class=\"elementor-heading-title elementor-size-default\">Our Story<\/h1>\t\t\t\t<\/div>\n\t\t\t\t<\/div>\n\t\t\t\t\t<\/div>\n\t\t<\/div>\n\t\t\t\t\t<\/div>\n\t\t<\/section>\n\t\t\t\t<section class=\"wolf-core-elementor-row wolf-core-font-  elementor-section elementor-top-section elementor-element elementor-element-35d9066 elementor-section-boxed elementor-section-height-default elementor-section-height-default\" data-font-skin=\"\" data-color-tone=\"\" data-id=\"35d9066\" data-element_type=\"section\" data-e-type=\"section\">\n\t\t\t\t\t\t<div class=\"elementor-container elementor-column-gap-default\">\n\t\t\t\t\t<div class=\"elementor-column elementor-col-100 elementor-top-column elementor-element elementor-element-e558fde\" data-id=\"e558fde\" data-element_type=\"column\" data-e-type=\"column\">\n\t\t\t<div class=\"elementor-widget-wrap elementor-element-populated\">\n\t\t\t\t\t\t<section class=\"wolf-core-elementor-row wolf-core-font-  elementor-section elementor-inner-section elementor-element elementor-element-6de04bc elementor-section-boxed elementor-section-height-default elementor-section-height-default\" data-font-skin=\"\" data-color-tone=\"\" data-id=\"6de04bc\" data-element_type=\"section\" data-e-type=\"section\">\n\t\t\t\t\t\t<div class=\"elementor-container elementor-column-gap-default\">\n\t\t\t\t\t<div class=\"elementor-column elementor-col-100 elementor-inner-column elementor-element elementor-element-464e008\" data-id=\"464e008\" data-element_type=\"column\" data-e-type=\"column\">\n\t\t\t<div class=\"elementor-widget-wrap elementor-element-populated\">\n\t\t\t\t\t\t<div class=\"elementor-element elementor-element-9c0e10e elementor-invisible elementor-widget elementor-widget-heading\" data-id=\"9c0e10e\" data-element_type=\"widget\" data-e-type=\"widget\" data-settings=\"{&quot;_animation&quot;:&quot;fadeIn&quot;}\" data-widget_type=\"heading.default\">\n\t\t\t\t<div class=\"elementor-widget-container\">\n\t\t\t\t\t<span class=\"elementor-heading-title elementor-size-default\">Domaine Viticole<\/span>\t\t\t\t<\/div>\n\t\t\t\t<\/div>\n\t\t\t\t<div class=\"wow elementor-element elementor-element-cbe94ec animated-heading-yes elementor-widget elementor-widget-heading\" style=\"transition-delay:0s;\" data-anim-delay=\"0\" data-id=\"cbe94ec\" data-element_type=\"widget\" data-e-type=\"widget\" data-widget_type=\"heading.default\">\n\t\t\t\t<div class=\"elementor-widget-container\">\n\t\t\t\t\t<h2 class=\"elementor-heading-title elementor-size-default\">Making Wine Since 1983<\/h2>\t\t\t\t<\/div>\n\t\t\t\t<\/div>\n\t\t\t\t<div class=\"wow elementor-element elementor-element-4eb176d animated-heading-yes elementor-widget elementor-widget-heading\" style=\"transition-delay:0s;\" data-anim-delay=\"0\" data-id=\"4eb176d\" data-element_type=\"widget\" data-e-type=\"widget\" data-widget_type=\"heading.default\">\n\t\t\t\t<div class=\"elementor-widget-container\">\n\t\t\t\t\t<span class=\"elementor-heading-title elementor-size-default\">Lorem ipsum dolor sit amet, consectetur adipiscing elit<\/span>\t\t\t\t<\/div>\n\t\t\t\t<\/div>\n\t\t\t\t\t<\/div>\n\t\t<\/div>\n\t\t\t\t\t<\/div>\n\t\t<\/section>\n\t\t\t\t<section class=\"wolf-core-elementor-row wolf-core-font-  elementor-section elementor-inner-section elementor-element elementor-element-ea6727b elementor-section-boxed elementor-section-height-default elementor-section-height-default\" data-font-skin=\"\" data-color-tone=\"\" data-id=\"ea6727b\" data-element_type=\"section\" data-e-type=\"section\">\n\t\t\t\t\t\t<div class=\"elementor-container elementor-column-gap-default\">\n\t\t\t\t\t<div class=\"elementor-column elementor-col-50 elementor-inner-column elementor-element elementor-element-28bc73f\" data-id=\"28bc73f\" data-element_type=\"column\" data-e-type=\"column\">\n\t\t\t<div class=\"elementor-widget-wrap elementor-element-populated\">\n\t\t\t\t\t\t<div class=\" elementor-element elementor-element-87a98e8 elementor-widget__width-initial elementor-absolute elementor-widget elementor-widget-image\" data-id=\"87a98e8\" data-element_type=\"widget\" data-e-type=\"widget\" data-settings=\"{&quot;_position&quot;:&quot;absolute&quot;}\" data-widget_type=\"image.default\">\n\t\t\t\t<div class=\"elementor-widget-container\">\n\t\t\t\t\t\t\t\t\t\t\t\t\t\t\t<img decoding=\"async\" src=\"https:\/\/preview-v2-wolfthemes.b-cdn.net\/app\/uploads\/sites\/44\/2022\/05\/BrowserPreview_tmp_07.png\" title=\"\" alt=\"\" loading=\"lazy\" \/>\t\t\t\t\t\t\t\t\t\t\t\t\t\t\t<\/div>\n\t\t\t\t<\/div>\n\t\t\t\t<div class=\" elementor-element elementor-element-70204d5 elementor-widget__width-initial elementor-absolute elementor-widget elementor-widget-image\" data-id=\"70204d5\" data-element_type=\"widget\" data-e-type=\"widget\" data-settings=\"{&quot;_position&quot;:&quot;absolute&quot;}\" data-widget_type=\"image.default\">\n\t\t\t\t<div class=\"elementor-widget-container\">\n\t\t\t\t\t\t\t\t\t\t\t\t\t\t\t<img decoding=\"async\" src=\"https:\/\/preview-v2-wolfthemes.b-cdn.net\/app\/uploads\/sites\/44\/2022\/05\/BrowserPreview_tmp_17.png\" title=\"\" alt=\"\" loading=\"lazy\" \/>\t\t\t\t\t\t\t\t\t\t\t\t\t\t\t<\/div>\n\t\t\t\t<\/div>\n\t\t\t\t<div class=\"wow elementor-element elementor-element-8fddfb4 animated-heading-yes elementor-widget elementor-widget-heading\" style=\"transition-delay:0s;\" data-anim-delay=\"0\" data-id=\"8fddfb4\" data-element_type=\"widget\" data-e-type=\"widget\" data-widget_type=\"heading.default\">\n\t\t\t\t<div class=\"elementor-widget-container\">\n\t\t\t\t\t<h2 class=\"elementor-heading-title elementor-size-default\">The Beginning<\/h2>\t\t\t\t<\/div>\n\t\t\t\t<\/div>\n\t\t\t\t<div class=\"wow elementor-element elementor-element-27ae996 animated-heading-yes elementor-widget elementor-widget-heading\" style=\"transition-delay:0s;\" data-anim-delay=\"0\" data-id=\"27ae996\" data-element_type=\"widget\" data-e-type=\"widget\" data-widget_type=\"heading.default\">\n\t\t\t\t<div class=\"elementor-widget-container\">\n\t\t\t\t\t<span class=\"elementor-heading-title elementor-size-default\">Lorem ipsum dolor sit amet, consectetur adipiscing elit<\/span>\t\t\t\t<\/div>\n\t\t\t\t<\/div>\n\t\t\t\t<div class=\" elementor-element elementor-element-a1827ac elementor-widget elementor-widget-text-editor\" data-id=\"a1827ac\" data-element_type=\"widget\" data-e-type=\"widget\" data-widget_type=\"text-editor.default\">\n\t\t\t\t<div class=\"elementor-widget-container\">\n\t\t\t\t\t\t\t\t\t<p>Lorem Elsass ipsum id, m\u00e4nele varius Chulia Roberstau sed elit munster Strasbourg salu leo eget DNA, quam, kuglopf Verdammi ante hopla Richard Schirmeck kougelhopf picon bi\u00e8re sit Huguette turpis, Salu bissame Miss Dahlias ullamcorper schneck lotto-owe Pfourtz. Wurschtsalad Heineken id m\u00e9t\u00e9or suspendisse eleifend Hans.<\/p>\t\t\t\t\t\t\t\t<\/div>\n\t\t\t\t<\/div>\n\t\t\t\t<div class=\"elementor-element elementor-element-1c0e2c1 elementor-widget elementor-widget-button\" data-id=\"1c0e2c1\" data-element_type=\"widget\" data-e-type=\"widget\" data-widget_type=\"button.default\">\n\t\t\t\t<div class=\"elementor-widget-container\">\n\t\t\t\t\t<div class=\"wolf-core-button-container wolf-core-element\"><a target=\"_parent\" href=\"https:\/\/preview.wolfthemes.store\/elsass\/about-us\/\" role=\"button\" class=\"wolf-core-button wolf-core-button-size-sm theme-button-text\" id=\"\"\n\t\t\tstyle=\"\"\n\t\t><span class=\"wolf-core-button-text\">Learn more<\/span><\/a><\/div><!-- .wolf-core-button-container -->\t\t\t\t<\/div>\n\t\t\t\t<\/div>\n\t\t\t\t\t<\/div>\n\t\t<\/div>\n\t\t\t\t<div class=\"elementor-column elementor-col-50 elementor-inner-column elementor-element elementor-element-191f852\" data-id=\"191f852\" data-element_type=\"column\" data-e-type=\"column\">\n\t\t\t<div class=\"elementor-widget-wrap elementor-element-populated\">\n\t\t\t\t\t\t<div class=\" elementor-element elementor-element-3c43a97 elementor-invisible elementor-widget elementor-widget-image\" data-id=\"3c43a97\" data-element_type=\"widget\" data-e-type=\"widget\" data-settings=\"{&quot;_animation&quot;:&quot;uncoverXLeft&quot;}\" data-widget_type=\"image.default\">\n\t\t\t\t<div class=\"elementor-widget-container\">\n\t\t\t\t\t\t\t\t\t\t\t\t\t\t\t<img decoding=\"async\" src=\"https:\/\/preview-v2-wolfthemes.b-cdn.net\/app\/uploads\/sites\/44\/2022\/05\/48867801.jpg\" title=\"\" alt=\"\" loading=\"lazy\" \/>\t\t\t\t\t\t\t\t\t\t\t\t\t\t\t<\/div>\n\t\t\t\t<\/div>\n\t\t\t\t\t<\/div>\n\t\t<\/div>\n\t\t\t\t\t<\/div>\n\t\t<\/section>\n\t\t\t\t<section class=\"wolf-core-elementor-row wolf-core-font-  elementor-section elementor-inner-section elementor-element elementor-element-b3c81c1 elementor-section-boxed elementor-section-height-default elementor-section-height-default\" data-font-skin=\"\" data-color-tone=\"\" data-id=\"b3c81c1\" data-element_type=\"section\" data-e-type=\"section\">\n\t\t\t\t\t\t<div class=\"elementor-container elementor-column-gap-default\">\n\t\t\t\t\t<div class=\"elementor-column elementor-col-100 elementor-inner-column elementor-element elementor-element-feb6533\" data-id=\"feb6533\" data-element_type=\"column\" data-e-type=\"column\">\n\t\t\t<div class=\"elementor-widget-wrap elementor-element-populated\">\n\t\t\t\t\t\t<div class=\"elementor-element elementor-element-edf5a71 elementor-invisible elementor-widget elementor-widget-heading\" data-id=\"edf5a71\" data-element_type=\"widget\" data-e-type=\"widget\" data-settings=\"{&quot;_animation&quot;:&quot;fadeIn&quot;}\" data-widget_type=\"heading.default\">\n\t\t\t\t<div class=\"elementor-widget-container\">\n\t\t\t\t\t<span class=\"elementor-heading-title elementor-size-default\">Family Business Since 1983<\/span>\t\t\t\t<\/div>\n\t\t\t\t<\/div>\n\t\t\t\t<div class=\"wow elementor-element elementor-element-1f7a490 animated-heading-yes elementor-widget elementor-widget-heading\" style=\"transition-delay:0s;\" data-anim-delay=\"0\" data-id=\"1f7a490\" data-element_type=\"widget\" data-e-type=\"widget\" data-widget_type=\"heading.default\">\n\t\t\t\t<div class=\"elementor-widget-container\">\n\t\t\t\t\t<h2 class=\"elementor-heading-title elementor-size-default\">Beer is made by men, wine by God.<\/h2>\t\t\t\t<\/div>\n\t\t\t\t<\/div>\n\t\t\t\t\t<\/div>\n\t\t<\/div>\n\t\t\t\t\t<\/div>\n\t\t<\/section>\n\t\t\t\t<section class=\"wolf-core-elementor-row wolf-core-font-  elementor-section elementor-inner-section elementor-element elementor-element-12b18eb elementor-section-boxed elementor-section-height-default elementor-section-height-default\" data-font-skin=\"\" data-color-tone=\"\" data-id=\"12b18eb\" data-element_type=\"section\" data-e-type=\"section\">\n\t\t\t\t\t\t<div class=\"elementor-container elementor-column-gap-default\">\n\t\t\t\t\t<div class=\"elementor-column elementor-col-50 elementor-inner-column elementor-element elementor-element-04ae732\" data-id=\"04ae732\" data-element_type=\"column\" data-e-type=\"column\">\n\t\t\t<div class=\"elementor-widget-wrap elementor-element-populated\">\n\t\t\t\t\t\t<div class=\" elementor-element elementor-element-65e156f elementor-invisible elementor-widget elementor-widget-image\" data-id=\"65e156f\" data-element_type=\"widget\" data-e-type=\"widget\" data-settings=\"{&quot;_animation&quot;:&quot;uncoverXLeft&quot;}\" data-widget_type=\"image.default\">\n\t\t\t\t<div class=\"elementor-widget-container\">\n\t\t\t\t\t\t\t\t\t\t\t\t\t\t\t<img decoding=\"async\" src=\"https:\/\/preview-v2-wolfthemes.b-cdn.net\/app\/uploads\/sites\/44\/2022\/05\/175077540.jpg\" title=\"\" alt=\"\" loading=\"lazy\" \/>\t\t\t\t\t\t\t\t\t\t\t\t\t\t\t<\/div>\n\t\t\t\t<\/div>\n\t\t\t\t\t<\/div>\n\t\t<\/div>\n\t\t\t\t<div class=\"elementor-column elementor-col-50 elementor-inner-column elementor-element elementor-element-d4af83c\" data-id=\"d4af83c\" data-element_type=\"column\" data-e-type=\"column\">\n\t\t\t<div class=\"elementor-widget-wrap elementor-element-populated\">\n\t\t\t\t\t\t<div class=\"wow elementor-element elementor-element-1f0ba8a animated-heading-yes elementor-widget elementor-widget-heading\" style=\"transition-delay:0s;\" data-anim-delay=\"0\" data-id=\"1f0ba8a\" data-element_type=\"widget\" data-e-type=\"widget\" data-widget_type=\"heading.default\">\n\t\t\t\t<div class=\"elementor-widget-container\">\n\t\t\t\t\t<h2 class=\"elementor-heading-title elementor-size-default\">Today<\/h2>\t\t\t\t<\/div>\n\t\t\t\t<\/div>\n\t\t\t\t<div class=\"wow elementor-element elementor-element-1430a5e animated-heading-yes elementor-widget elementor-widget-heading\" style=\"transition-delay:0s;\" data-anim-delay=\"0\" data-id=\"1430a5e\" data-element_type=\"widget\" data-e-type=\"widget\" data-widget_type=\"heading.default\">\n\t\t\t\t<div class=\"elementor-widget-container\">\n\t\t\t\t\t<span class=\"elementor-heading-title elementor-size-default\">Lorem ipsum dolor sit amet, consectetur adipiscing elit<\/span>\t\t\t\t<\/div>\n\t\t\t\t<\/div>\n\t\t\t\t<div class=\" elementor-element elementor-element-33ad0c4 elementor-widget elementor-widget-text-editor\" data-id=\"33ad0c4\" data-element_type=\"widget\" data-e-type=\"widget\" data-widget_type=\"text-editor.default\">\n\t\t\t\t<div class=\"elementor-widget-container\">\n\t\t\t\t\t\t\t\t\t<p>Lorem Elsass ipsum id, m\u00e4nele varius Chulia Roberstau sed elit munster Strasbourg salu leo eget DNA, quam, kuglopf Verdammi ante hopla Richard Schirmeck kougelhopf picon bi\u00e8re sit Huguette turpis, Salu bissame Miss Dahlias ullamcorper schneck lotto-owe Pfourtz. Wurschtsalad Heineken id m\u00e9t\u00e9or suspendisse eleifend Hans.<\/p>\t\t\t\t\t\t\t\t<\/div>\n\t\t\t\t<\/div>\n\t\t\t\t<div class=\"elementor-element elementor-element-27e21c7 elementor-widget elementor-widget-button\" data-id=\"27e21c7\" data-element_type=\"widget\" data-e-type=\"widget\" data-widget_type=\"button.default\">\n\t\t\t\t<div class=\"elementor-widget-container\">\n\t\t\t\t\t<div class=\"wolf-core-button-container wolf-core-element\"><a target=\"_parent\" href=\"https:\/\/preview.wolfthemes.store\/elsass\/about-us\/\" role=\"button\" class=\"wolf-core-button wolf-core-button-size-sm theme-button-text\" id=\"\"\n\t\t\tstyle=\"\"\n\t\t><span class=\"wolf-core-button-text\">Learn more<\/span><\/a><\/div><!-- .wolf-core-button-container -->\t\t\t\t<\/div>\n\t\t\t\t<\/div>\n\t\t\t\t\t<\/div>\n\t\t<\/div>\n\t\t\t\t\t<\/div>\n\t\t<\/section>\n\t\t\t\t<section class=\"noise-effect wolf-core-elementor-row wolf-core-font-  elementor-section elementor-inner-section elementor-element elementor-element-042f830 wolf-core-row-noise-yes elementor-section-boxed elementor-section-height-default elementor-section-height-default wolf-core-row-parallax-no\" data-noise-effect-opacity=\"100\" data-font-skin=\"\" data-color-tone=\"\" data-id=\"042f830\" data-element_type=\"section\" data-e-type=\"section\" data-settings=\"{&quot;background_background&quot;:&quot;classic&quot;}\">\n\t\t\t\t\t\t<div class=\"elementor-container elementor-column-gap-default\">\n\t\t\t\t\t<div class=\"elementor-column elementor-col-100 elementor-inner-column elementor-element elementor-element-da75b8d\" data-id=\"da75b8d\" data-element_type=\"column\" data-e-type=\"column\" data-settings=\"{&quot;background_background&quot;:&quot;classic&quot;}\">\n\t\t\t<div class=\"elementor-widget-wrap elementor-element-populated\">\n\t\t\t\t\t\t<div class=\"elementor-element elementor-element-128daf4 elementor-widget elementor-widget-video-opener\" data-id=\"128daf4\" data-element_type=\"widget\" data-e-type=\"widget\" data-widget_type=\"video-opener.default\">\n\t\t\t\t<div class=\"elementor-widget-container\">\n\t\t\t\t\t<div class=\"wolf-core-video-opener-container wolf-core-video-opener-align- wolf-core-element wolf-core-video-opener-caption-position-none wolf-core-video-opener-default\"><div class=\"wolf-core-video-opener-caption-container\"><a href=\"#\" data-video-url=\"https:\/\/www.youtube.com\/watch?v=UkC4LLeaZvA\" class=\"wolf-core-video-opener\"><span class=\"sonar-wave\"><\/span><span class=\"video-opener\" data-aos=\"fade\" data-aos-once=\"true\"><\/span><\/a><\/div><!-- .wolf-core-video-opener-caption-position --><\/div><!-- .wolf-core-video-opener -->\t\t\t\t<\/div>\n\t\t\t\t<\/div>\n\t\t\t\t<div class=\"elementor-element elementor-element-ef16478 elementor-invisible elementor-widget elementor-widget-heading\" data-id=\"ef16478\" data-element_type=\"widget\" data-e-type=\"widget\" data-settings=\"{&quot;_animation&quot;:&quot;fadeIn&quot;}\" data-widget_type=\"heading.default\">\n\t\t\t\t<div class=\"elementor-widget-container\">\n\t\t\t\t\t<span class=\"elementor-heading-title elementor-size-default\">Take a Tour<\/span>\t\t\t\t<\/div>\n\t\t\t\t<\/div>\n\t\t\t\t\t<\/div>\n\t\t<\/div>\n\t\t\t\t\t<\/div>\n\t\t<\/section>\n\t\t\t\t<section class=\"wolf-core-elementor-row wolf-core-font-  elementor-section elementor-inner-section elementor-element elementor-element-77db335 elementor-section-boxed elementor-section-height-default elementor-section-height-default\" data-font-skin=\"\" data-color-tone=\"\" data-id=\"77db335\" data-element_type=\"section\" data-e-type=\"section\">\n\t\t\t\t\t\t<div class=\"elementor-container elementor-column-gap-default\">\n\t\t\t\t\t<div class=\"elementor-column elementor-col-100 elementor-inner-column elementor-element elementor-element-c6076da\" data-id=\"c6076da\" data-element_type=\"column\" data-e-type=\"column\">\n\t\t\t<div class=\"elementor-widget-wrap elementor-element-populated\">\n\t\t\t\t\t\t<div class=\" elementor-element elementor-element-8e7cef1 elementor-widget elementor-widget-text-editor\" data-id=\"8e7cef1\" data-element_type=\"widget\" data-e-type=\"widget\" data-widget_type=\"text-editor.default\">\n\t\t\t\t<div class=\"elementor-widget-container\">\n\t\t\t\t\t\t\t\t\t<p>Yo d\u00fb. turpis habitant hopla kartoffelsalad sagittis Coop\u00e9 de Truchtersheim hopla Huguette hoplageiss mollis chambon rucksack libero, id tristique aliquam gravida vulputate Hans Oberschaeffolsheim et wurscht rossbolla wie barapli knack m\u00e4nele flammekueche jetz gehts los amet Mauris eget DNA, Salu bissame Kabinetpapier purus und amet, Chulien Strasbourg picon bi\u00e8re.<\/p>\t\t\t\t\t\t\t\t<\/div>\n\t\t\t\t<\/div>\n\t\t\t\t<div class=\" elementor-element elementor-element-2eb4ff1 elementor-widget elementor-widget-image\" data-id=\"2eb4ff1\" data-element_type=\"widget\" data-e-type=\"widget\" data-widget_type=\"image.default\">\n\t\t\t\t<div class=\"elementor-widget-container\">\n\t\t\t\t\t\t\t\t\t\t\t\t\t\t\t<img decoding=\"async\" src=\"https:\/\/preview-v2-wolfthemes.b-cdn.net\/app\/uploads\/sites\/44\/2022\/05\/signature.png\" title=\"\" alt=\"\" loading=\"lazy\" \/>\t\t\t\t\t\t\t\t\t\t\t\t\t\t\t<\/div>\n\t\t\t\t<\/div>\n\t\t\t\t\t<\/div>\n\t\t<\/div>\n\t\t\t\t\t<\/div>\n\t\t<\/section>\n\t\t\t\t\t<\/div>\n\t\t<\/div>\n\t\t\t\t\t<\/div>\n\t\t<\/section>\n\t\t\t\t<\/div>\n\t\t","protected":false},"excerpt":{"rendered":"<p>Our Story Domaine Viticole Making Wine Since 1983 Lorem ipsum dolor sit amet, consectetur adipiscing elit The Beginning Lorem ipsum dolor sit amet, consectetur adipiscing elit Lorem Elsass ipsum id, m\u00e4nele varius Chulia Roberstau sed elit munster Strasbourg salu leo eget DNA, quam, kuglopf Verdammi ante hopla Richard Schirmeck kougelhopf picon bi\u00e8re sit Huguette turpis,&#8230;<\/p>\n<p><a rel=\"bookmark\" class=\"theme-button-text wolf-core-button wolf-core-button-size-sm\" href=\"https:\/\/preview.wolfthemes.store\/elsass\/our-story\/\"><span>Continue reading<\/span><\/a><\/p>\n","protected":false},"author":1,"featured_media":0,"parent":0,"menu_order":0,"comment_status":"closed","ping_status":"closed","template":"","meta":{"footnotes":""},"class_list":{"0":"post-42","1":"page","2":"type-page","3":"status-publish","4":"hentry","5":"entry","6":"clearfix","7":"entry-grid","8":"entry-columns-default","9":"entry-page-module-layout-standard","10":"is-youtube","11":"no-post-thumbnail","12":"entry-page","14":"entry-page-grid"},"_links":{"self":[{"href":"https:\/\/preview.wolfthemes.store\/elsass\/wp-json\/wp\/v2\/pages\/42","targetHints":{"allow":["GET"]}}],"collection":[{"href":"https:\/\/preview.wolfthemes.store\/elsass\/wp-json\/wp\/v2\/pages"}],"about":[{"href":"https:\/\/preview.wolfthemes.store\/elsass\/wp-json\/wp\/v2\/types\/page"}],"author":[{"embeddable":true,"href":"https:\/\/preview.wolfthemes.store\/elsass\/wp-json\/wp\/v2\/users\/1"}],"replies":[{"embeddable":true,"href":"https:\/\/preview.wolfthemes.store\/elsass\/wp-json\/wp\/v2\/comments?post=42"}],"version-history":[{"count":0,"href":"https:\/\/preview.wolfthemes.store\/elsass\/wp-json\/wp\/v2\/pages\/42\/revisions"}],"wp:attachment":[{"href":"https:\/\/preview.wolfthemes.store\/elsass\/wp-json\/wp\/v2\/media?parent=42"}],"curies":[{"name":"wp","href":"https:\/\/api.w.org\/{rel}","templated":true}]}}