{"id":52,"date":"2022-04-26T12:29:15","date_gmt":"2022-04-26T12:29:15","guid":{"rendered":"https:\/\/preview.wolfthemes.store\/elsass\/?page_id=52"},"modified":"2022-05-03T13:55:26","modified_gmt":"2022-05-03T13:55:26","slug":"centered","status":"publish","type":"page","link":"https:\/\/preview.wolfthemes.store\/elsass\/blog\/centered\/","title":{"rendered":"Centered"},"content":{"rendered":"\t\t<div data-elementor-type=\"wp-page\" data-elementor-id=\"52\" class=\"elementor elementor-52\">\n\t\t\t\t\t\t<section class=\"wolf-core-elementor-row wolf-core-font-  elementor-section elementor-top-section elementor-element elementor-element-7d6715d elementor-section-boxed elementor-section-height-default elementor-section-height-default\" data-font-skin=\"\" data-color-tone=\"\" data-id=\"7d6715d\" data-element_type=\"section\" data-e-type=\"section\">\n\t\t\t\t\t\t<div class=\"elementor-container elementor-column-gap-default\">\n\t\t\t\t\t<div class=\"elementor-column elementor-col-100 elementor-top-column elementor-element elementor-element-7bfd785\" data-id=\"7bfd785\" data-element_type=\"column\" data-e-type=\"column\">\n\t\t\t<div class=\"elementor-widget-wrap elementor-element-populated\">\n\t\t\t\t\t\t<div class=\"elementor-element elementor-element-e51b027 elementor-widget elementor-widget-post-index\" data-id=\"e51b027\" data-element_type=\"widget\" data-e-type=\"widget\" data-widget_type=\"post-index.default\">\n\t\t\t\t<div class=\"elementor-widget-container\">\n\t\t\t\t\t<div id=\"index-20899\" data-post-type=\"post\" data-params=\"{&quot;post_type&quot;:&quot;post&quot;,&quot;posts_per_page&quot;:&quot;4&quot;,&quot;item_animation&quot;:&quot;none&quot;,&quot;overlay_color&quot;:&quot;black&quot;,&quot;overlay_text_color&quot;:&quot;white&quot;,&quot;overlay_opacity&quot;:44,&quot;caption_text_alignment&quot;:&quot;center&quot;,&quot;caption_v_align&quot;:&quot;middle&quot;,&quot;post_display&quot;:&quot;standard&quot;,&quot;post_thumbnail_size&quot;:&quot;standard&quot;,&quot;post_layout&quot;:&quot;standard&quot;,&quot;post_excerpt_type&quot;:&quot;auto&quot;,&quot;post_display_elements&quot;:&quot;show_thumbnail,show_date,show_text,show_category,show_author,show_tags&quot;,&quot;post_show_thumbnail&quot;:&quot;yes&quot;,&quot;post_show_date&quot;:&quot;yes&quot;,&quot;post_show_text&quot;:&quot;yes&quot;,&quot;post_show_category&quot;:&quot;yes&quot;,&quot;pagination&quot;:&quot;load_more&quot;,&quot;page_display&quot;:&quot;grid&quot;,&quot;work_display&quot;:&quot;masonry&quot;,&quot;work_module&quot;:&quot;grid&quot;,&quot;work_thumbnail_size&quot;:&quot;standard&quot;,&quot;work_layout&quot;:&quot;overlay&quot;,&quot;work_category_filter_text_alignment&quot;:&quot;center&quot;,&quot;work_hover_effect&quot;:&quot;default&quot;,&quot;product_display&quot;:&quot;grid&quot;,&quot;product_metro_pattern&quot;:&quot;pattern-1&quot;,&quot;product_module&quot;:&quot;grid&quot;,&quot;release_display&quot;:&quot;grid&quot;,&quot;release_metro_pattern&quot;:&quot;pattern-1&quot;,&quot;release_hover_effect&quot;:&quot;default&quot;,&quot;release_category_filter_text_alignment&quot;:&quot;center&quot;,&quot;release_module&quot;:&quot;grid&quot;,&quot;release_thumbnail_size&quot;:&quot;square&quot;,&quot;release_layout&quot;:&quot;standard&quot;,&quot;event_display&quot;:&quot;list&quot;,&quot;event_module&quot;:&quot;grid&quot;,&quot;event_thumbnail_size&quot;:&quot;standard&quot;,&quot;event_location&quot;:&quot;location&quot;,&quot;timeline&quot;:&quot;future&quot;,&quot;mp_event_display&quot;:&quot;grid&quot;,&quot;mp_event_module&quot;:&quot;grid&quot;,&quot;video_display&quot;:&quot;grid&quot;,&quot;video_layout&quot;:&quot;overlay&quot;,&quot;video_module&quot;:&quot;grid&quot;,&quot;video_onclick&quot;:&quot;default&quot;,&quot;video_category_filter&quot;:&quot;1&quot;,&quot;video_category_filter_text_alignment&quot;:&quot;center&quot;,&quot;artist_display&quot;:&quot;list&quot;,&quot;artist_metro_pattern&quot;:&quot;auto&quot;,&quot;artist_hover_effect&quot;:&quot;default&quot;,&quot;artist_module&quot;:&quot;grid&quot;,&quot;artist_category_filter_text_alignment&quot;:&quot;center&quot;,&quot;artist_thumbnail_size&quot;:&quot;standard&quot;,&quot;gallery_display&quot;:&quot;grid&quot;,&quot;gallery_module&quot;:&quot;grid&quot;,&quot;gallery_thumbnail_size&quot;:&quot;standard&quot;,&quot;gallery_custom_thumbnail_size&quot;:&quot;standard&quot;,&quot;gallery_layout&quot;:&quot;standard&quot;,&quot;gallery_category_filter&quot;:true,&quot;gallery_category_filter_text_alignment&quot;:&quot;center&quot;,&quot;gallery_hover_effect&quot;:&quot;default&quot;,&quot;attachment_display&quot;:&quot;masonry_horizontal&quot;,&quot;attachment_thumbnail_size&quot;:&quot;standard&quot;,&quot;attachment_custom_thumbnail_size&quot;:&quot;standard&quot;,&quot;job_display&quot;:&quot;list&quot;,&quot;context&quot;:&quot;elementor&quot;,&quot;el_id&quot;:&quot;index-20899&quot;,&quot;_margin&quot;:{&quot;unit&quot;:&quot;px&quot;,&quot;top&quot;:&quot;&quot;,&quot;right&quot;:&quot;&quot;,&quot;bottom&quot;:&quot;&quot;,&quot;left&quot;:&quot;&quot;,&quot;isLinked&quot;:true},&quot;_padding&quot;:{&quot;unit&quot;:&quot;px&quot;,&quot;top&quot;:&quot;&quot;,&quot;right&quot;:&quot;&quot;,&quot;bottom&quot;:&quot;&quot;,&quot;left&quot;:&quot;&quot;,&quot;isLinked&quot;:true},&quot;_transform_keep_proportions&quot;:&quot;yes&quot;,&quot;_transform_keep_proportions_hover&quot;:&quot;yes&quot;,&quot;_transform_transition_hover&quot;:{&quot;unit&quot;:&quot;px&quot;,&quot;size&quot;:&quot;&quot;,&quot;sizes&quot;:[]},&quot;_background_hover_transition&quot;:{&quot;unit&quot;:&quot;px&quot;,&quot;size&quot;:&quot;&quot;,&quot;sizes&quot;:[]},&quot;_border_radius&quot;:{&quot;unit&quot;:&quot;px&quot;,&quot;top&quot;:&quot;&quot;,&quot;right&quot;:&quot;&quot;,&quot;bottom&quot;:&quot;&quot;,&quot;left&quot;:&quot;&quot;,&quot;isLinked&quot;:true},&quot;_border_radius_hover&quot;:{&quot;unit&quot;:&quot;px&quot;,&quot;top&quot;:&quot;&quot;,&quot;right&quot;:&quot;&quot;,&quot;bottom&quot;:&quot;&quot;,&quot;left&quot;:&quot;&quot;,&quot;isLinked&quot;:true},&quot;_border_hover_transition&quot;:{&quot;unit&quot;:&quot;px&quot;,&quot;size&quot;:&quot;&quot;,&quot;sizes&quot;:[]}}\" class=\"clearfix items wvc-element wolf-core-element entry-grid-loading post-items posts caption-text-align-center caption-valign-middle grid-padding- display-standard post-display-standard module-grid post-module-grid items-thumbnail-size-standard layout-standard post-layout-standard pagination-load_more list no-filtered-content\" data-scroll data-scroll-css-progress>\n<article id=\"post-1\" class=\"post-1 post type-post status-publish format-standard has-post-thumbnail hentry category-degustation entry clearfix entry-post-module-layout-standard thumbnail-color-tone-dark entry-post entry-standard entry-post-standard entry-post-skin-dark post-excert-type-auto\" data-post-id=\"1\" data-thumbnail-color-tone=\"dark\" >\n\t<div class=\"entry-container\">\n\t\t\t\t\t<div class=\"entry-media\">\n\t\t\t\t<div class=\"entry-thumbnail\"><a href=\"https:\/\/preview.wolfthemes.store\/elsass\/2022\/04\/25\/hello-world\/\" class=\"entry-link\" title=\"Permalink to Standard Post\"><img loading=\"lazy\" decoding=\"async\" width=\"1024\" height=\"683\" src=\"https:\/\/preview-v2-wolfthemes.b-cdn.net\/app\/uploads\/sites\/44\/2022\/05\/288850913-1024x683.jpg\" class=\"attachment-large size-large wp-post-image\" alt=\"\" srcset=\"https:\/\/preview-v2-wolfthemes.b-cdn.net\/app\/uploads\/sites\/44\/2022\/05\/288850913-1024x683.jpg 1024w, https:\/\/preview-v2-wolfthemes.b-cdn.net\/app\/uploads\/sites\/44\/2022\/05\/288850913-300x200.jpg 300w, https:\/\/preview-v2-wolfthemes.b-cdn.net\/app\/uploads\/sites\/44\/2022\/05\/288850913-768x512.jpg 768w, https:\/\/preview-v2-wolfthemes.b-cdn.net\/app\/uploads\/sites\/44\/2022\/05\/288850913-1536x1024.jpg 1536w, https:\/\/preview-v2-wolfthemes.b-cdn.net\/app\/uploads\/sites\/44\/2022\/05\/288850913-855x570.jpg 855w, https:\/\/preview-v2-wolfthemes.b-cdn.net\/app\/uploads\/sites\/44\/2022\/05\/288850913-500x333.jpg 500w, https:\/\/preview-v2-wolfthemes.b-cdn.net\/app\/uploads\/sites\/44\/2022\/05\/288850913-550x367.jpg 550w, https:\/\/preview-v2-wolfthemes.b-cdn.net\/app\/uploads\/sites\/44\/2022\/05\/288850913-400x267.jpg 400w, https:\/\/preview-v2-wolfthemes.b-cdn.net\/app\/uploads\/sites\/44\/2022\/05\/288850913-1920x1280.jpg 1920w, https:\/\/preview-v2-wolfthemes.b-cdn.net\/app\/uploads\/sites\/44\/2022\/05\/288850913-600x400.jpg 600w, https:\/\/preview-v2-wolfthemes.b-cdn.net\/app\/uploads\/sites\/44\/2022\/05\/288850913.jpg 1950w\" sizes=\"(max-width: 1024px) 100vw, 1024px\" \/><span class=\"entry-thumbnail-overlay\"><\/span><!-- .entry-thumbnail-overlay --><\/a><\/div><!-- .entry-thumbnail -->\t\t\t<\/div>\n\t\t\t<header class=\"entry-meta\">\t\t<span class=\"entry-date\">\n\t\t\t<span class=\"posted-on date\"><a href=\"https:\/\/preview.wolfthemes.store\/elsass\/2022\/04\/25\/hello-world\/\" rel=\"bookmark\"><time itemprop=\"datePublished\" class=\"published\" datetime=\"2022-04-25T14:33:57+00:00\">April 25, 2022<\/time><time itemprop=\"dateModified\" class=\"updated\" datetime=\"2022-05-17T13:50:47+00:00\">May 17, 2022<\/time><\/a><\/span>\t\t<\/span>\n\t\t\t\n\t\t\t\t\t\t\t\t\t\t<span class=\"entry-category-list\">\n\t\t\t\t\t<span class=\"meta-icon category-icon\"><\/span>\t\t\t\t\t<a href=\"https:\/\/preview.wolfthemes.store\/elsass\/category\/degustation\/\" rel=\"tag\">Degustation<\/a>\t\t\t\t<\/span>\n\t\t\t\t\t\t\t\t\t\t\t\t\t\t\t<\/header><h2 class=\"entry-title\"><a class=\"entry-link internal-link\" href=\"https:\/\/preview.wolfthemes.store\/elsass\/2022\/04\/25\/hello-world\/\" rel=\"bookmark\">Standard Post<\/a><\/h2>\t\t\t<div class=\"entry-summary clearfix\">\n\t\t\t\t<p>Lorem Elsass ipsum sit suspendisse quam. ornare eleifend elementum wie so auctor, kartoffelsalad turpis, placerat merci\u00a0vielmols salu id, picon\u00a0bi\u00e8re hopla sed Christkindelsm\u00e4rik Heineken hopla ge\u00efz schpeck m\u00e4nele kuglopf vulputate libero....<\/p><p><a rel=\"bookmark\" class=\"theme-button-text wolf-core-button wolf-core-button-size-sm\" href=\"https:\/\/preview.wolfthemes.store\/elsass\/2022\/04\/25\/hello-world\/\"><span>Continue reading<\/span><\/a><\/p>\t\t\t<\/div>\n\t\t\t\t<\/div>\n<\/article><!-- #post-## -->\n<article id=\"post-291\" class=\"post-291 post type-post status-publish format-gallery has-post-thumbnail hentry category-guestroom post_format-post-format-gallery entry clearfix entry-post-module-layout-standard thumbnail-color-tone-dark entry-post entry-standard entry-post-standard entry-post-skin-dark post-excert-type-auto\" data-post-id=\"291\" data-thumbnail-color-tone=\"dark\" >\n\t<div class=\"entry-container\">\n\t\t\t\t\t<div class=\"entry-media\">\n\t\t\t\t<div data-slideshow-speed=\"4000\" class=\"entry-slider flexslider\"><ul class=\"slides\"><li class=\"slide\"><img loading=\"lazy\" decoding=\"async\" class=\" resized-thumbnail \" src=\"https:\/\/preview-v2-wolfthemes.b-cdn.net\/app\/uploads\/sites\/44\/2022\/05\/106303539-1017x528.jpg\" width=\"1017\" height=\"528\" alt=\"BBQ Beef steak with pickled veggies, cucumber, cabbage, beeroot,\" title=\"BBQ Beef steak with pickled veggies, cucumber, cabbage, beeroot,\" \/><\/li><li class=\"slide\"><img loading=\"lazy\" decoding=\"async\" class=\" resized-thumbnail \" src=\"https:\/\/preview-v2-wolfthemes.b-cdn.net\/app\/uploads\/sites\/44\/2022\/05\/192657166-1017x528.jpg\" width=\"1017\" height=\"528\" alt=\"Diverse Group of Friends Celebrate with a Toast and Clink Raised Wine Glasses in Celebration. Beautiful Young People Have Fun in the Stylish Bar\/ Restaurant.\" title=\"Diverse Group of Friends Celebrate with a Toast and Clink Raised\" \/><\/li><li class=\"slide\"><img loading=\"lazy\" decoding=\"async\" class=\" resized-thumbnail \" src=\"https:\/\/preview-v2-wolfthemes.b-cdn.net\/app\/uploads\/sites\/44\/2022\/05\/199693074-1017x528.jpg\" width=\"1017\" height=\"528\" alt=\"Couple having romantic dinner in a restaurant in rays of the sun\" title=\"Couple having romantic dinner in a restaurant in rays of the sun\" \/><\/li><\/ul><\/div>\t\t\t<\/div>\n\t\t\t<header class=\"entry-meta\">\t\t<span class=\"entry-date\">\n\t\t\t<span class=\"posted-on date\"><a href=\"https:\/\/preview.wolfthemes.store\/elsass\/2022\/04\/28\/gallery-post\/\" rel=\"bookmark\"><time itemprop=\"datePublished\" class=\"published\" datetime=\"2022-04-28T10:58:58+00:00\">April 28, 2022<\/time><time itemprop=\"dateModified\" class=\"updated\" datetime=\"2022-05-18T12:46:41+00:00\">May 18, 2022<\/time><\/a><\/span>\t\t<\/span>\n\t\t\t\n\t\t\t\t\t\t\t\t\t\t<span class=\"entry-category-list\">\n\t\t\t\t\t<span class=\"meta-icon category-icon\"><\/span>\t\t\t\t\t<a href=\"https:\/\/preview.wolfthemes.store\/elsass\/category\/guestroom\/\" rel=\"tag\">Guestroom<\/a>\t\t\t\t<\/span>\n\t\t\t\t\t\t\t\t\t\t\t\t\t\t\t<\/header><h2 class=\"entry-title\"><a class=\"entry-link internal-link\" href=\"https:\/\/preview.wolfthemes.store\/elsass\/2022\/04\/28\/gallery-post\/\" rel=\"bookmark\">Gallery Post<\/a><\/h2>\t\t\t<div class=\"entry-summary clearfix\">\n\t\t\t\t<p>Lorem Elsass ipsum sit suspendisse quam. ornare eleifend elementum wie so auctor, kartoffelsalad turpis, placerat merci\u00a0vielmols salu id, picon\u00a0bi\u00e8re hopla sed Christkindelsm\u00e4rik Heineken hopla ge\u00efz schpeck m\u00e4nele kuglopf vulputate libero....<\/p><p><a rel=\"bookmark\" class=\"theme-button-text wolf-core-button wolf-core-button-size-sm\" href=\"https:\/\/preview.wolfthemes.store\/elsass\/2022\/04\/28\/gallery-post\/\"><span>Continue reading<\/span><\/a><\/p>\t\t\t<\/div>\n\t\t\t\t<\/div>\n<\/article><!-- #post-## -->\n<article id=\"post-292\" class=\"post-292 post type-post status-publish format-video has-post-thumbnail hentry category-guestroom post_format-post-format-video entry clearfix entry-post-module-layout-standard thumbnail-color-tone-dark metro-landscape is-youtube has-video entry-post entry-standard entry-post-standard entry-post-skin-dark post-excert-type-auto\" data-post-id=\"292\" data-thumbnail-color-tone=\"dark\" >\n\t<div class=\"entry-container\">\n\t\t\t\t\t<div class=\"entry-media\">\n\t\t\t\t<div class=\"entry-video\"><iframe title=\"Drone Footage over Vineyard - 4k\" width=\"500\" height=\"281\" src=\"https:\/\/www.youtube.com\/embed\/JrGQ2FN_Bdw?feature=oembed\" frameborder=\"0\" allow=\"accelerometer; autoplay; clipboard-write; encrypted-media; gyroscope; picture-in-picture; web-share\" referrerpolicy=\"strict-origin-when-cross-origin\" allowfullscreen><\/iframe><\/div>\t\t\t<\/div>\n\t\t\t<header class=\"entry-meta\">\t\t<span class=\"entry-date\">\n\t\t\t<span class=\"posted-on date\"><a href=\"https:\/\/preview.wolfthemes.store\/elsass\/2022\/04\/28\/video-post\/\" rel=\"bookmark\"><time itemprop=\"datePublished\" class=\"published\" datetime=\"2022-04-28T10:59:03+00:00\">April 28, 2022<\/time><time itemprop=\"dateModified\" class=\"updated\" datetime=\"2022-05-30T14:07:43+00:00\">May 30, 2022<\/time><\/a><\/span>\t\t<\/span>\n\t\t\t\n\t\t\t\t\t\t\t\t\t\t<span class=\"entry-category-list\">\n\t\t\t\t\t<span class=\"meta-icon category-icon\"><\/span>\t\t\t\t\t<a href=\"https:\/\/preview.wolfthemes.store\/elsass\/category\/guestroom\/\" rel=\"tag\">Guestroom<\/a>\t\t\t\t<\/span>\n\t\t\t\t\t\t\t\t\t\t\t\t\t\t\t<\/header><h2 class=\"entry-title\"><a class=\"entry-link internal-link\" href=\"https:\/\/preview.wolfthemes.store\/elsass\/2022\/04\/28\/video-post\/\" rel=\"bookmark\">Video Post<\/a><\/h2>\t\t\t<div class=\"entry-summary clearfix\">\n\t\t\t\t<p>Lorem Elsass ipsum sit suspendisse quam. ornare eleifend elementum wie so auctor, kartoffelsalad turpis, placerat merci\u00a0vielmols salu id, picon\u00a0bi\u00e8re hopla sed Christkindelsm\u00e4rik Heineken hopla ge\u00efz schpeck m\u00e4nele kuglopf vulputate libero....<\/p><p><a rel=\"bookmark\" class=\"theme-button-text wolf-core-button wolf-core-button-size-sm\" href=\"https:\/\/preview.wolfthemes.store\/elsass\/2022\/04\/28\/video-post\/\"><span>Continue reading<\/span><\/a><\/p>\t\t\t<\/div>\n\t\t\t\t<\/div>\n<\/article><!-- #post-## -->\n<article id=\"post-295\" class=\"post-295 post type-post status-publish format-link has-post-thumbnail hentry category-degustation category-harvest post_format-post-format-link entry clearfix entry-post-module-layout-standard thumbnail-color-tone-dark metro-landscape is-short-post-format entry-post entry-standard entry-post-standard entry-post-skin-dark post-excert-type-auto\" data-post-id=\"295\" data-thumbnail-color-tone=\"dark\" >\n\t<div class=\"entry-container\">\n\t\t\t<\/div>\n<\/article><!-- #post-## -->\n<\/div><!--.items-->\t\t\t\t\t<div class=\"trigger-container wvc-element\">\n\t\t\t\t<a data-current-page=\"1\" data-next-page=\"2\" data-max-pages=\"2\" class=\"theme-button-outline wolf-core-button wolf-core-button-size-sm loadmore-button\" data-current-url=\"https:\/\/preview.wolfthemes.store\/elsass\/wp-json\/wp\/v2\/pages\/52\" href=\"#\" data-href=\"https:\/\/preview.wolfthemes.store\/elsass\/wp-json\/wp\/v2\/pages\/52\/page\/2\/\"><span>\n\t\t\t\t\tLoad More\t\t\t\t<\/span><\/a>\n\t\t\t<\/div><!-- .trigger-containe -->\n\t\t\t\t\t\t\t\t<\/div>\n\t\t\t\t<\/div>\n\t\t\t\t\t<\/div>\n\t\t<\/div>\n\t\t\t\t\t<\/div>\n\t\t<\/section>\n\t\t\t\t<\/div>\n\t\t","protected":false},"excerpt":{"rendered":"<p>April 28, 2022April 28, 2022 Uncategorized EditEdit with Elementor Audio Lorem ipsum dolor sit amet, consetetur sadipscing elitr, sed diam nonumy eirmod tempor invidunt ut labore et dolore magna aliquyam erat, sed diam voluptua. At vero eos et accusam et justo duo dolores et ea rebum. Stet clita kasd gubergren, no sea takimata sanctus est&#8230;<\/p>\n<p><a rel=\"bookmark\" class=\"theme-button-text wolf-core-button wolf-core-button-size-sm\" href=\"https:\/\/preview.wolfthemes.store\/elsass\/2022\/04\/28\/link\/\"><span>Continue reading<\/span><\/a><\/p>\n","protected":false},"author":1,"featured_media":0,"parent":13,"menu_order":0,"comment_status":"closed","ping_status":"closed","template":"","meta":{"footnotes":""},"class_list":["post-52","page","type-page","status-publish","hentry","entry","clearfix","entry-post-module-layout-sidebar-right","thumbnail-color-tone-dark","metro-landscape","is-short-post-format","entry-post","entry-standard","entry-post-standard","entry-post-skin-dark"],"_links":{"self":[{"href":"https:\/\/preview.wolfthemes.store\/elsass\/wp-json\/wp\/v2\/pages\/52","targetHints":{"allow":["GET"]}}],"collection":[{"href":"https:\/\/preview.wolfthemes.store\/elsass\/wp-json\/wp\/v2\/pages"}],"about":[{"href":"https:\/\/preview.wolfthemes.store\/elsass\/wp-json\/wp\/v2\/types\/page"}],"author":[{"embeddable":true,"href":"https:\/\/preview.wolfthemes.store\/elsass\/wp-json\/wp\/v2\/users\/1"}],"replies":[{"embeddable":true,"href":"https:\/\/preview.wolfthemes.store\/elsass\/wp-json\/wp\/v2\/comments?post=52"}],"version-history":[{"count":0,"href":"https:\/\/preview.wolfthemes.store\/elsass\/wp-json\/wp\/v2\/pages\/52\/revisions"}],"up":[{"embeddable":true,"href":"https:\/\/preview.wolfthemes.store\/elsass\/wp-json\/wp\/v2\/pages\/13"}],"wp:attachment":[{"href":"https:\/\/preview.wolfthemes.store\/elsass\/wp-json\/wp\/v2\/media?parent=52"}],"curies":[{"name":"wp","href":"https:\/\/api.w.org\/{rel}","templated":true}]}}